{"id":536,"date":"2024-03-27T14:11:53","date_gmt":"2024-03-27T14:11:53","guid":{"rendered":"https:\/\/www.acces-direct-amiante.fr\/?page_id=536"},"modified":"2026-01-12T11:52:59","modified_gmt":"2026-01-12T10:52:59","slug":"memo-amiante-2","status":"publish","type":"page","link":"https:\/\/www.acces-direct-amiante.fr\/?page_id=536","title":{"rendered":"M\u00e9mo Amiante"},"content":{"rendered":"\t\t<div data-elementor-type=\"wp-page\" data-elementor-id=\"536\" class=\"elementor elementor-536\" data-elementor-post-type=\"page\">\n\t\t\t\t<div class=\"elementor-element elementor-element-f1f54d4 e-flex e-con-boxed e-con e-parent\" data-id=\"f1f54d4\" data-element_type=\"container\" data-settings=\"{&quot;background_background&quot;:&quot;classic&quot;}\">\n\t\t\t\t\t<div class=\"e-con-inner\">\n\t\t<div class=\"elementor-element elementor-element-08e61ba e-flex e-con-boxed e-con e-child\" data-id=\"08e61ba\" data-element_type=\"container\" data-settings=\"{&quot;background_background&quot;:&quot;classic&quot;}\">\n\t\t\t\t\t<div class=\"e-con-inner\">\n\t\t\t\t<div class=\"elementor-element elementor-element-101efaa elementor-widget elementor-widget-heading\" data-id=\"101efaa\" data-element_type=\"widget\" data-widget_type=\"heading.default\">\n\t\t\t\t<div class=\"elementor-widget-container\">\n\t\t\t<style>\/*! elementor - v3.21.0 - 08-05-2024 *\/\n.elementor-heading-title{padding:0;margin:0;line-height:1}.elementor-widget-heading .elementor-heading-title[class*=elementor-size-]>a{color:inherit;font-size:inherit;line-height:inherit}.elementor-widget-heading .elementor-heading-title.elementor-size-small{font-size:15px}.elementor-widget-heading .elementor-heading-title.elementor-size-medium{font-size:19px}.elementor-widget-heading .elementor-heading-title.elementor-size-large{font-size:29px}.elementor-widget-heading .elementor-heading-title.elementor-size-xl{font-size:39px}.elementor-widget-heading .elementor-heading-title.elementor-size-xxl{font-size:59px}<\/style><h2 class=\"elementor-heading-title elementor-size-default\">M\u00c9MO<\/h2>\t\t<\/div>\n\t\t\t\t<\/div>\n\t\t<div class=\"elementor-element elementor-element-acaff5a e-flex e-con-boxed e-con e-child\" data-id=\"acaff5a\" data-element_type=\"container\" data-settings=\"{&quot;background_background&quot;:&quot;classic&quot;}\">\n\t\t\t\t\t<div class=\"e-con-inner\">\n\t\t<div class=\"elementor-element elementor-element-d519842 ken-burns e-flex e-con-boxed e-con e-child\" data-id=\"d519842\" data-element_type=\"container\" data-settings=\"{&quot;background_background&quot;:&quot;classic&quot;}\">\n\t\t\t\t\t<div class=\"e-con-inner\">\n\t\t\t\t\t<\/div>\n\t\t\t\t<\/div>\n\t\t\t\t\t<\/div>\n\t\t\t\t<\/div>\n\t\t\t\t<div class=\"elementor-element elementor-element-bad8ca7 elementor-widget__width-initial background elementor-widget elementor-widget-text-editor\" data-id=\"bad8ca7\" data-element_type=\"widget\" data-widget_type=\"text-editor.default\">\n\t\t\t\t<div class=\"elementor-widget-container\">\n\t\t\t<style>\/*! elementor - v3.21.0 - 08-05-2024 *\/\n.elementor-widget-text-editor.elementor-drop-cap-view-stacked .elementor-drop-cap{background-color:#69727d;color:#fff}.elementor-widget-text-editor.elementor-drop-cap-view-framed .elementor-drop-cap{color:#69727d;border:3px solid;background-color:transparent}.elementor-widget-text-editor:not(.elementor-drop-cap-view-default) .elementor-drop-cap{margin-top:8px}.elementor-widget-text-editor:not(.elementor-drop-cap-view-default) .elementor-drop-cap-letter{width:1em;height:1em}.elementor-widget-text-editor .elementor-drop-cap{float:left;text-align:center;line-height:1;font-size:50px}.elementor-widget-text-editor .elementor-drop-cap-letter{display:inline-block}<\/style>\t\t\t\t<p>Le d\u00e9samiantage est le processus d&rsquo;\u00e9limination s\u00e9curis\u00e9e de mat\u00e9riaux contenant de l&rsquo;amiante, une substance canc\u00e9rig\u00e8ne nocive pour la sant\u00e9 humaine.<\/p>\t\t\t\t\t\t<\/div>\n\t\t\t\t<\/div>\n\t\t\t\t<div class=\"elementor-element elementor-element-6eff6c7 elementor-grid-1 elementor-grid-tablet-2 elementor-grid-mobile-1 elementor-widget elementor-widget-loop-grid\" data-id=\"6eff6c7\" data-element_type=\"widget\" data-settings=\"{&quot;template_id&quot;:637,&quot;columns&quot;:1,&quot;_skin&quot;:&quot;post&quot;,&quot;columns_tablet&quot;:&quot;2&quot;,&quot;columns_mobile&quot;:&quot;1&quot;,&quot;edit_handle_selector&quot;:&quot;[data-elementor-type=\\&quot;loop-item\\&quot;]&quot;,&quot;row_gap&quot;:{&quot;unit&quot;:&quot;px&quot;,&quot;size&quot;:&quot;&quot;,&quot;sizes&quot;:[]},&quot;row_gap_tablet&quot;:{&quot;unit&quot;:&quot;px&quot;,&quot;size&quot;:&quot;&quot;,&quot;sizes&quot;:[]},&quot;row_gap_mobile&quot;:{&quot;unit&quot;:&quot;px&quot;,&quot;size&quot;:&quot;&quot;,&quot;sizes&quot;:[]}}\" data-widget_type=\"loop-grid.post\">\n\t\t\t\t<div class=\"elementor-widget-container\">\n\t\t\t<link rel=\"stylesheet\" href=\"https:\/\/www.acces-direct-amiante.fr\/wp-content\/plugins\/elementor-pro\/assets\/css\/widget-loop-builder.min.css\">\t\t<div class=\"elementor-loop-container elementor-grid\">\n\t\t<style id=\"loop-637\">.elementor-637 .elementor-element.elementor-element-a868817{--display:flex;--background-transition:0.3s;border-style:solid;--border-style:solid;border-width:1px 1px 1px 1px;--border-top-width:1px;--border-right-width:1px;--border-bottom-width:1px;--border-left-width:1px;border-color:var( --e-global-color-secondary );--border-color:var( --e-global-color-secondary );--border-radius:20px 20px 20px 20px;box-shadow:0px 13px 37px -24px rgba(170.00000000000003, 15.960597826086959, 15.960597826086959, 0.5);--padding-top:35px;--padding-bottom:35px;--padding-left:35px;--padding-right:35px;}.elementor-637 .elementor-element.elementor-element-a868817:hover{border-style:solid;border-width:1px 1px 1px 1px;--border-top-width:1px;--border-right-width:1px;--border-bottom-width:1px;--border-left-width:1px;border-color:#B7494142;--border-color:#B7494142;}.elementor-637 .elementor-element.elementor-element-a868817, .elementor-637 .elementor-element.elementor-element-a868817::before{--border-transition:0.3s;}.elementor-637 .elementor-element.elementor-element-9536e08 .elementor-heading-title{font-family:\"Source Sans Pro\", Sans-serif;font-size:20px;font-weight:900;}.elementor-637 .elementor-element.elementor-element-9536e08 > .elementor-widget-container{margin:0px 0px -1px 0px;}.elementor-637 .elementor-element.elementor-element-3f07960{font-family:var( --e-global-typography-primary-font-family ), Sans-serif;font-size:var( --e-global-typography-primary-font-size );font-weight:var( --e-global-typography-primary-font-weight );}@media(max-width:1039px){.elementor-637 .elementor-element.elementor-element-3f07960{font-size:var( --e-global-typography-primary-font-size );}}@media(max-width:800px){.elementor-637 .elementor-element.elementor-element-3f07960{font-size:var( --e-global-typography-primary-font-size );}}<\/style>\t\t<div data-elementor-type=\"loop-item\" data-elementor-id=\"637\" class=\"elementor elementor-637 e-loop-item e-loop-item-606 post-606 post type-post status-publish format-standard hentry category-memo-amiante\" data-elementor-post-type=\"elementor_library\" data-custom-edit-handle=\"1\">\n\t\t\t<div class=\"elementor-element elementor-element-a868817 e-flex e-con-boxed elementor-invisible e-con e-parent\" data-id=\"a868817\" data-element_type=\"container\" data-settings=\"{&quot;background_background&quot;:&quot;classic&quot;,&quot;animation&quot;:&quot;fadeInDown&quot;}\">\n\t\t\t\t\t<div class=\"e-con-inner\">\n\t\t\t\t<div class=\"elementor-element elementor-element-9536e08 elementor-widget elementor-widget-theme-post-title elementor-page-title elementor-widget-heading\" data-id=\"9536e08\" data-element_type=\"widget\" data-widget_type=\"theme-post-title.default\">\n\t\t\t\t<div class=\"elementor-widget-container\">\n\t\t\t<h1 class=\"elementor-heading-title elementor-size-default\">\ud83d\udd0e Qu&rsquo;est-ce que l&rsquo;Amiante ?<\/h1>\t\t<\/div>\n\t\t\t\t<\/div>\n\t\t\t\t<div class=\"elementor-element elementor-element-3f07960 elementor-widget elementor-widget-theme-post-content\" data-id=\"3f07960\" data-element_type=\"widget\" data-widget_type=\"theme-post-content.default\">\n\t\t\t\t<div class=\"elementor-widget-container\">\n\t\t\t<div class=\"paragraph\">L&rsquo;amiante est un min\u00e9ral naturel utilis\u00e9 dans de nombreux mat\u00e9riaux de construction et industriels en raison de ses propri\u00e9t\u00e9s ignifuges et isolantes. Cependant, l&rsquo;inhalation de fibres d&rsquo;amiante peut causer des maladies graves, y compris le cancer du poumon et la m\u00e9soth\u00e9liome.<\/div>\n\t\t<\/div>\n\t\t\t\t<\/div>\n\t\t\t\t\t<\/div>\n\t\t\t\t<\/div>\n\t\t\t\t<\/div>\n\t\t\t\t<div data-elementor-type=\"loop-item\" data-elementor-id=\"637\" class=\"elementor elementor-637 e-loop-item e-loop-item-608 post-608 post type-post status-publish format-standard hentry category-memo-amiante\" data-elementor-post-type=\"elementor_library\" data-custom-edit-handle=\"1\">\n\t\t\t<div class=\"elementor-element elementor-element-a868817 e-flex e-con-boxed elementor-invisible e-con e-parent\" data-id=\"a868817\" data-element_type=\"container\" data-settings=\"{&quot;background_background&quot;:&quot;classic&quot;,&quot;animation&quot;:&quot;fadeInDown&quot;}\">\n\t\t\t\t\t<div class=\"e-con-inner\">\n\t\t\t\t<div class=\"elementor-element elementor-element-9536e08 elementor-widget elementor-widget-theme-post-title elementor-page-title elementor-widget-heading\" data-id=\"9536e08\" data-element_type=\"widget\" data-widget_type=\"theme-post-title.default\">\n\t\t\t\t<div class=\"elementor-widget-container\">\n\t\t\t<h1 class=\"elementor-heading-title elementor-size-default\">\ud83d\udd0e Risques pour la Sant\u00e9<\/h1>\t\t<\/div>\n\t\t\t\t<\/div>\n\t\t\t\t<div class=\"elementor-element elementor-element-3f07960 elementor-widget elementor-widget-theme-post-content\" data-id=\"3f07960\" data-element_type=\"widget\" data-widget_type=\"theme-post-content.default\">\n\t\t\t\t<div class=\"elementor-widget-container\">\n\t\t\t<div class=\"paragraph\">L&rsquo;exposition \u00e0 l&rsquo;amiante peut entra\u00eener des probl\u00e8mes de sant\u00e9 graves, notamment des maladies respiratoires et des cancers.<\/div>\n\t\t<\/div>\n\t\t\t\t<\/div>\n\t\t\t\t\t<\/div>\n\t\t\t\t<\/div>\n\t\t\t\t<\/div>\n\t\t\t\t<div data-elementor-type=\"loop-item\" data-elementor-id=\"637\" class=\"elementor elementor-637 e-loop-item e-loop-item-610 post-610 post type-post status-publish format-standard hentry category-memo-amiante\" data-elementor-post-type=\"elementor_library\" data-custom-edit-handle=\"1\">\n\t\t\t<div class=\"elementor-element elementor-element-a868817 e-flex e-con-boxed elementor-invisible e-con e-parent\" data-id=\"a868817\" data-element_type=\"container\" data-settings=\"{&quot;background_background&quot;:&quot;classic&quot;,&quot;animation&quot;:&quot;fadeInDown&quot;}\">\n\t\t\t\t\t<div class=\"e-con-inner\">\n\t\t\t\t<div class=\"elementor-element elementor-element-9536e08 elementor-widget elementor-widget-theme-post-title elementor-page-title elementor-widget-heading\" data-id=\"9536e08\" data-element_type=\"widget\" data-widget_type=\"theme-post-title.default\">\n\t\t\t\t<div class=\"elementor-widget-container\">\n\t\t\t<h1 class=\"elementor-heading-title elementor-size-default\">\ud83d\udd0e \u00c9quipement de Protection Individuel (EPI)<\/h1>\t\t<\/div>\n\t\t\t\t<\/div>\n\t\t\t\t<div class=\"elementor-element elementor-element-3f07960 elementor-widget elementor-widget-theme-post-content\" data-id=\"3f07960\" data-element_type=\"widget\" data-widget_type=\"theme-post-content.default\">\n\t\t\t\t<div class=\"elementor-widget-container\">\n\t\t\t<div class=\"paragraph\">L&rsquo;\u00e9quipement de protection individuel est un ensemble d&rsquo;outils, de v\u00eatements et d&rsquo;accessoires port\u00e9s par une personne pour minimiser son exposition \u00e0 des risques sp\u00e9cifiques sur le lieu de travail. Pour le d\u00e9samiantage, cela peut inclure des masques respiratoires, des combinaisons de protection, des gants, des lunettes de s\u00e9curit\u00e9, etc.<\/div>\n\t\t<\/div>\n\t\t\t\t<\/div>\n\t\t\t\t\t<\/div>\n\t\t\t\t<\/div>\n\t\t\t\t<\/div>\n\t\t\t\t<div data-elementor-type=\"loop-item\" data-elementor-id=\"637\" class=\"elementor elementor-637 e-loop-item e-loop-item-612 post-612 post type-post status-publish format-standard hentry category-memo-amiante\" data-elementor-post-type=\"elementor_library\" data-custom-edit-handle=\"1\">\n\t\t\t<div class=\"elementor-element elementor-element-a868817 e-flex e-con-boxed elementor-invisible e-con e-parent\" data-id=\"a868817\" data-element_type=\"container\" data-settings=\"{&quot;background_background&quot;:&quot;classic&quot;,&quot;animation&quot;:&quot;fadeInDown&quot;}\">\n\t\t\t\t\t<div class=\"e-con-inner\">\n\t\t\t\t<div class=\"elementor-element elementor-element-9536e08 elementor-widget elementor-widget-theme-post-title elementor-page-title elementor-widget-heading\" data-id=\"9536e08\" data-element_type=\"widget\" data-widget_type=\"theme-post-title.default\">\n\t\t\t\t<div class=\"elementor-widget-container\">\n\t\t\t<h1 class=\"elementor-heading-title elementor-size-default\">\ud83d\udd0e \u00c9valuation Initiale<\/h1>\t\t<\/div>\n\t\t\t\t<\/div>\n\t\t\t\t<div class=\"elementor-element elementor-element-3f07960 elementor-widget elementor-widget-theme-post-content\" data-id=\"3f07960\" data-element_type=\"widget\" data-widget_type=\"theme-post-content.default\">\n\t\t\t\t<div class=\"elementor-widget-container\">\n\t\t\t<div class=\"paragraph\">Identification des mat\u00e9riaux contenant de l&rsquo;amiante sur le site.<\/div>\n\t\t<\/div>\n\t\t\t\t<\/div>\n\t\t\t\t\t<\/div>\n\t\t\t\t<\/div>\n\t\t\t\t<\/div>\n\t\t\t\t<div data-elementor-type=\"loop-item\" data-elementor-id=\"637\" class=\"elementor elementor-637 e-loop-item e-loop-item-614 post-614 post type-post status-publish format-standard hentry category-memo-amiante\" data-elementor-post-type=\"elementor_library\" data-custom-edit-handle=\"1\">\n\t\t\t<div class=\"elementor-element elementor-element-a868817 e-flex e-con-boxed elementor-invisible e-con e-parent\" data-id=\"a868817\" data-element_type=\"container\" data-settings=\"{&quot;background_background&quot;:&quot;classic&quot;,&quot;animation&quot;:&quot;fadeInDown&quot;}\">\n\t\t\t\t\t<div class=\"e-con-inner\">\n\t\t\t\t<div class=\"elementor-element elementor-element-9536e08 elementor-widget elementor-widget-theme-post-title elementor-page-title elementor-widget-heading\" data-id=\"9536e08\" data-element_type=\"widget\" data-widget_type=\"theme-post-title.default\">\n\t\t\t\t<div class=\"elementor-widget-container\">\n\t\t\t<h1 class=\"elementor-heading-title elementor-size-default\">\ud83d\udd0e La mesure d&#8217;empoussi\u00e8rement<\/h1>\t\t<\/div>\n\t\t\t\t<\/div>\n\t\t\t\t<div class=\"elementor-element elementor-element-3f07960 elementor-widget elementor-widget-theme-post-content\" data-id=\"3f07960\" data-element_type=\"widget\" data-widget_type=\"theme-post-content.default\">\n\t\t\t\t<div class=\"elementor-widget-container\">\n\t\t\t<div class=\"paragraph\">Proc\u00e9dure qui consiste \u00e0 \u00e9valuer la concentration de particules en suspension dans l&rsquo;air, notamment les fibres d&rsquo;amiante, dans un environnement donn\u00e9. Cela permet de surveiller le niveau d&rsquo;exposition des travailleurs et du public aux risques li\u00e9s \u00e0 l&rsquo;amiante et de prendre les mesures n\u00e9cessaires pour garantir leur s\u00e9curit\u00e9.<\/div>\n\t\t<\/div>\n\t\t\t\t<\/div>\n\t\t\t\t\t<\/div>\n\t\t\t\t<\/div>\n\t\t\t\t<\/div>\n\t\t\t\t<div data-elementor-type=\"loop-item\" data-elementor-id=\"637\" class=\"elementor elementor-637 e-loop-item e-loop-item-616 post-616 post type-post status-publish format-standard hentry category-memo-amiante\" data-elementor-post-type=\"elementor_library\" data-custom-edit-handle=\"1\">\n\t\t\t<div class=\"elementor-element elementor-element-a868817 e-flex e-con-boxed elementor-invisible e-con e-parent\" data-id=\"a868817\" data-element_type=\"container\" data-settings=\"{&quot;background_background&quot;:&quot;classic&quot;,&quot;animation&quot;:&quot;fadeInDown&quot;}\">\n\t\t\t\t\t<div class=\"e-con-inner\">\n\t\t\t\t<div class=\"elementor-element elementor-element-9536e08 elementor-widget elementor-widget-theme-post-title elementor-page-title elementor-widget-heading\" data-id=\"9536e08\" data-element_type=\"widget\" data-widget_type=\"theme-post-title.default\">\n\t\t\t\t<div class=\"elementor-widget-container\">\n\t\t\t<h1 class=\"elementor-heading-title elementor-size-default\">\ud83d\udd0e Planification<\/h1>\t\t<\/div>\n\t\t\t\t<\/div>\n\t\t\t\t<div class=\"elementor-element elementor-element-3f07960 elementor-widget elementor-widget-theme-post-content\" data-id=\"3f07960\" data-element_type=\"widget\" data-widget_type=\"theme-post-content.default\">\n\t\t\t\t<div class=\"elementor-widget-container\">\n\t\t\t<div class=\"paragraph\">\u00c9laboration d&rsquo;un plan d\u00e9taill\u00e9 pour le retrait s\u00e9curis\u00e9 de l&rsquo;amiante.<\/div>\n\t\t<\/div>\n\t\t\t\t<\/div>\n\t\t\t\t\t<\/div>\n\t\t\t\t<\/div>\n\t\t\t\t<\/div>\n\t\t\t\t<div data-elementor-type=\"loop-item\" data-elementor-id=\"637\" class=\"elementor elementor-637 e-loop-item e-loop-item-618 post-618 post type-post status-publish format-standard hentry category-memo-amiante\" data-elementor-post-type=\"elementor_library\" data-custom-edit-handle=\"1\">\n\t\t\t<div class=\"elementor-element elementor-element-a868817 e-flex e-con-boxed elementor-invisible e-con e-parent\" data-id=\"a868817\" data-element_type=\"container\" data-settings=\"{&quot;background_background&quot;:&quot;classic&quot;,&quot;animation&quot;:&quot;fadeInDown&quot;}\">\n\t\t\t\t\t<div class=\"e-con-inner\">\n\t\t\t\t<div class=\"elementor-element elementor-element-9536e08 elementor-widget elementor-widget-theme-post-title elementor-page-title elementor-widget-heading\" data-id=\"9536e08\" data-element_type=\"widget\" data-widget_type=\"theme-post-title.default\">\n\t\t\t\t<div class=\"elementor-widget-container\">\n\t\t\t<h1 class=\"elementor-heading-title elementor-size-default\">\ud83d\udd0e S\u00e9curisation du Site<\/h1>\t\t<\/div>\n\t\t\t\t<\/div>\n\t\t\t\t<div class=\"elementor-element elementor-element-3f07960 elementor-widget elementor-widget-theme-post-content\" data-id=\"3f07960\" data-element_type=\"widget\" data-widget_type=\"theme-post-content.default\">\n\t\t\t\t<div class=\"elementor-widget-container\">\n\t\t\t<div class=\"paragraph\">Mise en place de barri\u00e8res et de panneaux d&rsquo;avertissement pour limiter l&rsquo;acc\u00e8s au site.<\/div>\n\t\t<\/div>\n\t\t\t\t<\/div>\n\t\t\t\t\t<\/div>\n\t\t\t\t<\/div>\n\t\t\t\t<\/div>\n\t\t\t\t<div data-elementor-type=\"loop-item\" data-elementor-id=\"637\" class=\"elementor elementor-637 e-loop-item e-loop-item-620 post-620 post type-post status-publish format-standard hentry category-memo-amiante\" data-elementor-post-type=\"elementor_library\" data-custom-edit-handle=\"1\">\n\t\t\t<div class=\"elementor-element elementor-element-a868817 e-flex e-con-boxed elementor-invisible e-con e-parent\" data-id=\"a868817\" data-element_type=\"container\" data-settings=\"{&quot;background_background&quot;:&quot;classic&quot;,&quot;animation&quot;:&quot;fadeInDown&quot;}\">\n\t\t\t\t\t<div class=\"e-con-inner\">\n\t\t\t\t<div class=\"elementor-element elementor-element-9536e08 elementor-widget elementor-widget-theme-post-title elementor-page-title elementor-widget-heading\" data-id=\"9536e08\" data-element_type=\"widget\" data-widget_type=\"theme-post-title.default\">\n\t\t\t\t<div class=\"elementor-widget-container\">\n\t\t\t<h1 class=\"elementor-heading-title elementor-size-default\">\ud83d\udd0e Retrait des Mat\u00e9riaux<\/h1>\t\t<\/div>\n\t\t\t\t<\/div>\n\t\t\t\t<div class=\"elementor-element elementor-element-3f07960 elementor-widget elementor-widget-theme-post-content\" data-id=\"3f07960\" data-element_type=\"widget\" data-widget_type=\"theme-post-content.default\">\n\t\t\t\t<div class=\"elementor-widget-container\">\n\t\t\t<div class=\"paragraph\">Extraction s\u00e9curis\u00e9e des mat\u00e9riaux contenant de l&rsquo;amiante, en utilisant des techniques sp\u00e9cifiques pour minimiser la lib\u00e9ration de fibres.<\/div>\n\t\t<\/div>\n\t\t\t\t<\/div>\n\t\t\t\t\t<\/div>\n\t\t\t\t<\/div>\n\t\t\t\t<\/div>\n\t\t\t\t<div data-elementor-type=\"loop-item\" data-elementor-id=\"637\" class=\"elementor elementor-637 e-loop-item e-loop-item-623 post-623 post type-post status-publish format-standard hentry category-memo-amiante\" data-elementor-post-type=\"elementor_library\" data-custom-edit-handle=\"1\">\n\t\t\t<div class=\"elementor-element elementor-element-a868817 e-flex e-con-boxed elementor-invisible e-con e-parent\" data-id=\"a868817\" data-element_type=\"container\" data-settings=\"{&quot;background_background&quot;:&quot;classic&quot;,&quot;animation&quot;:&quot;fadeInDown&quot;}\">\n\t\t\t\t\t<div class=\"e-con-inner\">\n\t\t\t\t<div class=\"elementor-element elementor-element-9536e08 elementor-widget elementor-widget-theme-post-title elementor-page-title elementor-widget-heading\" data-id=\"9536e08\" data-element_type=\"widget\" data-widget_type=\"theme-post-title.default\">\n\t\t\t\t<div class=\"elementor-widget-container\">\n\t\t\t<h1 class=\"elementor-heading-title elementor-size-default\">\ud83d\udd0e Contr\u00f4le de l&rsquo;Atmosph\u00e8re<\/h1>\t\t<\/div>\n\t\t\t\t<\/div>\n\t\t\t\t<div class=\"elementor-element elementor-element-3f07960 elementor-widget elementor-widget-theme-post-content\" data-id=\"3f07960\" data-element_type=\"widget\" data-widget_type=\"theme-post-content.default\">\n\t\t\t\t<div class=\"elementor-widget-container\">\n\t\t\t<div class=\"paragraph\">Surveillance et contr\u00f4le de l&rsquo;air pour r\u00e9duire la dispersion des fibres d&rsquo;amiante.<\/div>\n\t\t<\/div>\n\t\t\t\t<\/div>\n\t\t\t\t\t<\/div>\n\t\t\t\t<\/div>\n\t\t\t\t<\/div>\n\t\t\t\t<div data-elementor-type=\"loop-item\" data-elementor-id=\"637\" class=\"elementor elementor-637 e-loop-item e-loop-item-625 post-625 post type-post status-publish format-standard hentry category-memo-amiante\" data-elementor-post-type=\"elementor_library\" data-custom-edit-handle=\"1\">\n\t\t\t<div class=\"elementor-element elementor-element-a868817 e-flex e-con-boxed elementor-invisible e-con e-parent\" data-id=\"a868817\" data-element_type=\"container\" data-settings=\"{&quot;background_background&quot;:&quot;classic&quot;,&quot;animation&quot;:&quot;fadeInDown&quot;}\">\n\t\t\t\t\t<div class=\"e-con-inner\">\n\t\t\t\t<div class=\"elementor-element elementor-element-9536e08 elementor-widget elementor-widget-theme-post-title elementor-page-title elementor-widget-heading\" data-id=\"9536e08\" data-element_type=\"widget\" data-widget_type=\"theme-post-title.default\">\n\t\t\t\t<div class=\"elementor-widget-container\">\n\t\t\t<h1 class=\"elementor-heading-title elementor-size-default\">\ud83d\udd0e \u00c9limination des D\u00e9chets<\/h1>\t\t<\/div>\n\t\t\t\t<\/div>\n\t\t\t\t<div class=\"elementor-element elementor-element-3f07960 elementor-widget elementor-widget-theme-post-content\" data-id=\"3f07960\" data-element_type=\"widget\" data-widget_type=\"theme-post-content.default\">\n\t\t\t\t<div class=\"elementor-widget-container\">\n\t\t\t<p>Emballage et \u00e9limination appropri\u00e9 des d\u00e9chets d&rsquo;amiante conform\u00e9ment aux r\u00e9glementations.<\/p>\n\t\t<\/div>\n\t\t\t\t<\/div>\n\t\t\t\t\t<\/div>\n\t\t\t\t<\/div>\n\t\t\t\t<\/div>\n\t\t\t\t<\/div>\n\t\t\n\t\t\t\t<\/div>\n\t\t\t\t<\/div>\n\t\t\t\t<div class=\"elementor-element elementor-element-75fec02 elementor-widget elementor-widget-text-editor\" data-id=\"75fec02\" data-element_type=\"widget\" data-widget_type=\"text-editor.default\">\n\t\t\t\t<div class=\"elementor-widget-container\">\n\t\t\t\t\t\t\t<div class=\"paragraph\">Le d\u00e9samiantage est un processus complexe n\u00e9cessitant une expertise et une attention particuli\u00e8re<\/div><div class=\"paragraph\">pour garantir la s\u00e9curit\u00e9 et la conformit\u00e9 aux r\u00e9glementations.<\/div>\t\t\t\t\t\t<\/div>\n\t\t\t\t<\/div>\n\t\t\t\t\t<\/div>\n\t\t\t\t<\/div>\n\t\t\t\t\t<\/div>\n\t\t\t\t<\/div>\n\t\t\t\t<\/div>\n\t\t","protected":false},"excerpt":{"rendered":"<p>M\u00c9MO Le d\u00e9samiantage est le processus d&rsquo;\u00e9limination s\u00e9curis\u00e9e de mat\u00e9riaux contenant de l&rsquo;amiante, une substance canc\u00e9rig\u00e8ne nocive pour la sant\u00e9 humaine. Le d\u00e9samiantage est un processus complexe n\u00e9cessitant une expertise et une attention particuli\u00e8repour garantir la s\u00e9curit\u00e9 et la conformit\u00e9 aux r\u00e9glementations.<\/p>\n","protected":false},"author":1,"featured_media":0,"parent":0,"menu_order":0,"comment_status":"closed","ping_status":"closed","template":"elementor_theme","meta":{"footnotes":""},"class_list":["post-536","page","type-page","status-publish","hentry"],"_links":{"self":[{"href":"https:\/\/www.acces-direct-amiante.fr\/index.php?rest_route=\/wp\/v2\/pages\/536","targetHints":{"allow":["GET"]}}],"collection":[{"href":"https:\/\/www.acces-direct-amiante.fr\/index.php?rest_route=\/wp\/v2\/pages"}],"about":[{"href":"https:\/\/www.acces-direct-amiante.fr\/index.php?rest_route=\/wp\/v2\/types\/page"}],"author":[{"embeddable":true,"href":"https:\/\/www.acces-direct-amiante.fr\/index.php?rest_route=\/wp\/v2\/users\/1"}],"replies":[{"embeddable":true,"href":"https:\/\/www.acces-direct-amiante.fr\/index.php?rest_route=%2Fwp%2Fv2%2Fcomments&post=536"}],"version-history":[{"count":129,"href":"https:\/\/www.acces-direct-amiante.fr\/index.php?rest_route=\/wp\/v2\/pages\/536\/revisions"}],"predecessor-version":[{"id":1509,"href":"https:\/\/www.acces-direct-amiante.fr\/index.php?rest_route=\/wp\/v2\/pages\/536\/revisions\/1509"}],"wp:attachment":[{"href":"https:\/\/www.acces-direct-amiante.fr\/index.php?rest_route=%2Fwp%2Fv2%2Fmedia&parent=536"}],"curies":[{"name":"wp","href":"https:\/\/api.w.org\/{rel}","templated":true}]}}