{"id":1019,"date":"2024-04-04T13:27:34","date_gmt":"2024-04-04T13:27:34","guid":{"rendered":"https:\/\/www.acces-direct-amiante.fr\/?page_id=1019"},"modified":"2026-01-12T11:50:00","modified_gmt":"2026-01-12T10:50:00","slug":"travaux-dacces-difficile","status":"publish","type":"page","link":"https:\/\/www.acces-direct-amiante.fr\/?page_id=1019","title":{"rendered":"Travaux d&rsquo;acc\u00e8s difficile"},"content":{"rendered":"\t\t<div data-elementor-type=\"wp-page\" data-elementor-id=\"1019\" class=\"elementor elementor-1019\" data-elementor-post-type=\"page\">\n\t\t\t\t<div class=\"elementor-element elementor-element-1094f82 e-flex e-con-boxed e-con e-parent\" data-id=\"1094f82\" data-element_type=\"container\" data-settings=\"{&quot;background_background&quot;:&quot;classic&quot;}\">\n\t\t\t\t\t<div class=\"e-con-inner\">\n\t\t<div class=\"elementor-element elementor-element-9675c08 e-flex e-con-boxed e-con e-child\" data-id=\"9675c08\" data-element_type=\"container\" data-settings=\"{&quot;background_background&quot;:&quot;classic&quot;}\">\n\t\t\t\t\t<div class=\"e-con-inner\">\n\t\t\t\t<div class=\"elementor-element elementor-element-ce93059 elementor-widget elementor-widget-heading\" data-id=\"ce93059\" data-element_type=\"widget\" data-widget_type=\"heading.default\">\n\t\t\t\t<div class=\"elementor-widget-container\">\n\t\t\t<style>\/*! elementor - v3.21.0 - 08-05-2024 *\/\n.elementor-heading-title{padding:0;margin:0;line-height:1}.elementor-widget-heading .elementor-heading-title[class*=elementor-size-]>a{color:inherit;font-size:inherit;line-height:inherit}.elementor-widget-heading .elementor-heading-title.elementor-size-small{font-size:15px}.elementor-widget-heading .elementor-heading-title.elementor-size-medium{font-size:19px}.elementor-widget-heading .elementor-heading-title.elementor-size-large{font-size:29px}.elementor-widget-heading .elementor-heading-title.elementor-size-xl{font-size:39px}.elementor-widget-heading .elementor-heading-title.elementor-size-xxl{font-size:59px}<\/style><h2 class=\"elementor-heading-title elementor-size-default\">TRAVAUX D'ACC\u00c8S DIFFICILE<\/h2>\t\t<\/div>\n\t\t\t\t<\/div>\n\t\t<div class=\"elementor-element elementor-element-00d1289 e-flex e-con-boxed e-con e-child\" data-id=\"00d1289\" data-element_type=\"container\" data-settings=\"{&quot;background_background&quot;:&quot;classic&quot;}\">\n\t\t\t\t\t<div class=\"e-con-inner\">\n\t\t<div class=\"elementor-element elementor-element-8e081d3 e-flex e-con-boxed e-con e-child\" data-id=\"8e081d3\" data-element_type=\"container\" data-settings=\"{&quot;background_background&quot;:&quot;classic&quot;}\">\n\t\t\t\t\t<div class=\"e-con-inner\">\n\t\t\t\t\t<\/div>\n\t\t\t\t<\/div>\n\t\t\t\t\t<\/div>\n\t\t\t\t<\/div>\n\t\t\t\t<div class=\"elementor-element elementor-element-ad80305 elementor-widget__width-initial background elementor-widget elementor-widget-text-editor\" data-id=\"ad80305\" data-element_type=\"widget\" data-widget_type=\"text-editor.default\">\n\t\t\t\t<div class=\"elementor-widget-container\">\n\t\t\t<style>\/*! elementor - v3.21.0 - 08-05-2024 *\/\n.elementor-widget-text-editor.elementor-drop-cap-view-stacked .elementor-drop-cap{background-color:#69727d;color:#fff}.elementor-widget-text-editor.elementor-drop-cap-view-framed .elementor-drop-cap{color:#69727d;border:3px solid;background-color:transparent}.elementor-widget-text-editor:not(.elementor-drop-cap-view-default) .elementor-drop-cap{margin-top:8px}.elementor-widget-text-editor:not(.elementor-drop-cap-view-default) .elementor-drop-cap-letter{width:1em;height:1em}.elementor-widget-text-editor .elementor-drop-cap{float:left;text-align:center;line-height:1;font-size:50px}.elementor-widget-text-editor .elementor-drop-cap-letter{display:inline-block}<\/style>\t\t\t\t<p>Les travaux d&rsquo;acc\u00e8s difficile sont souvent n\u00e9cessaires dans des environnements o\u00f9 l&rsquo;acc\u00e8s est limit\u00e9 ou restreint, que ce soit en raison de la hauteur, de la complexit\u00e9 architecturale ou d&rsquo;autres obstacles physiques. Ces situations exigent des solutions sp\u00e9cifiques pour garantir que les travaux puissent \u00eatre r\u00e9alis\u00e9s en toute s\u00e9curit\u00e9 et efficacit\u00e9.<\/p>\t\t\t\t\t\t<\/div>\n\t\t\t\t<\/div>\n\t\t\t\t<div class=\"elementor-element elementor-element-73f4a24 elementor-widget__width-initial elementor-widget elementor-widget-text-editor\" data-id=\"73f4a24\" data-element_type=\"widget\" data-widget_type=\"text-editor.default\">\n\t\t\t\t<div class=\"elementor-widget-container\">\n\t\t\t\t\t\t\t<p><b>Travaux sur Cordes : Solutions Polyvalentes pour des Chantiers Complexes<\/b><\/p><p>Cette technique, \u00e9galement connue sous le nom de <strong>travaux sur cordes<\/strong>, permet une intervention rapide et efficace, assurant la s\u00e9curit\u00e9 des travailleurs gr\u00e2ce \u00e0 l&rsquo;utilisation d&rsquo;un mat\u00e9riel homologu\u00e9 et d&rsquo;un double syst\u00e8me d&rsquo;assujettissement.<\/p>\t\t\t\t\t\t<\/div>\n\t\t\t\t<\/div>\n\t\t\t\t<div class=\"elementor-element elementor-element-9bcc52f elementor-widget__width-initial elementor-widget elementor-widget-text-editor\" data-id=\"9bcc52f\" data-element_type=\"widget\" data-widget_type=\"text-editor.default\">\n\t\t\t\t<div class=\"elementor-widget-container\">\n\t\t\t\t\t\t\t<p><strong>Avantages des Travaux sur Cordes :<\/strong><\/p><p><strong>\ud83d\udd0e Intervention Rapide :<\/strong> <br \/>Gr\u00e2ce \u00e0 leur capacit\u00e9 \u00e0 acc\u00e9der facilement aux zones difficiles d&rsquo;acc\u00e8s, les travaux sur cordes permettent une intervention rapide, minimisant ainsi les d\u00e9lais et les co\u00fbts.<\/p><p><strong>\ud83d\udd0e S\u00e9curit\u00e9 Maximale :<\/strong> <br \/>Les travailleurs sont \u00e9quip\u00e9s de mat\u00e9riel homologu\u00e9 et form\u00e9s \u00e0 des normes strictes de s\u00e9curit\u00e9, assurant une \u00e9volution en toute s\u00e9curit\u00e9 m\u00eame dans des environnements complexes.<\/p><p><strong>\ud83d\udd0e Alternative Rentable :<\/strong> <br \/>Par rapport aux nacelles \u00e9l\u00e9vatrices ou aux \u00e9chafaudages, souvent co\u00fbteux et encombrants, les travaux sur cordes offrent une alternative plus \u00e9conomique et pratique.<\/p><p><strong>\ud83d\udd0e Polyvalence des Domaines d&rsquo;Intervention :<\/strong> <br \/>Les travaux sur cordes peuvent \u00eatre utilis\u00e9s dans une vari\u00e9t\u00e9 de domaines, notamment :<br \/><strong>\u00a0 \u00a0&#8211; Ma\u00e7onnerie :<\/strong> Traitement des b\u00e9tons, rejointement, enduits, joints de dilatation, purge, reprise de fissures, et bien plus encore.<br \/>\u00a0 \u00a0<strong>&#8211; Peinture :<\/strong> Peinture de b\u00e2timents, pyl\u00f4nes, structures m\u00e9talliques, offrant une couverture compl\u00e8te m\u00eame dans des zones difficiles d&rsquo;acc\u00e8s.<br \/><strong>\u00a0 \u00a0&#8211; Nettoyage :<\/strong> Lavage et remise en \u00e9tat de vitrerie, lavage haute pression pour bardages, silos, fa\u00e7ades, et d\u00e9poussi\u00e9rage pour maintenir un environnement propre et s\u00e9curis\u00e9.<br \/><strong>&#8211; Travaux Publics :<\/strong> Pose de grillage plaqu\u00e9 sur falaises, confortement de caves, et autres travaux de g\u00e9nie civil.<br \/>\u00a0 <strong>\u00a0&#8211; Divers<\/strong> : Installation d&rsquo;antennes GSM, d\u00e9pigeonnage, pose de filets de protection, installation de lignes de vie, c\u00e2blage, remplacement de conduites, inspections et rapports photos-vid\u00e9os pour une gestion compl\u00e8te des infrastructures.<\/p>\t\t\t\t\t\t<\/div>\n\t\t\t\t<\/div>\n\t\t\t\t<div class=\"elementor-element elementor-element-8f02c5b elementor-align-center elementor-widget__width-inherit elementor-widget elementor-widget-button\" data-id=\"8f02c5b\" data-element_type=\"widget\" data-widget_type=\"button.default\">\n\t\t\t\t<div class=\"elementor-widget-container\">\n\t\t\t\t\t<div class=\"elementor-button-wrapper\">\n\t\t\t<a class=\"elementor-button elementor-button-link elementor-size-md elementor-animation-bob\" href=\"#elementor-action%3Aaction%3Dpopup%3Aopen%26settings%3DeyJpZCI6IjQxOCIsInRvZ2dsZSI6ZmFsc2V9\">\n\t\t\t\t\t\t<span class=\"elementor-button-content-wrapper\">\n\t\t\t\t\t\t\t\t\t<span class=\"elementor-button-text\">CONTACT<\/span>\n\t\t\t\t\t<\/span>\n\t\t\t\t\t<\/a>\n\t\t<\/div>\n\t\t\t\t<\/div>\n\t\t\t\t<\/div>\n\t\t\t\t<div class=\"elementor-element elementor-element-ffd96e7 elementor-align-center elementor-widget__width-inherit elementor-widget elementor-widget-button\" data-id=\"ffd96e7\" data-element_type=\"widget\" data-widget_type=\"button.default\">\n\t\t\t\t<div class=\"elementor-widget-container\">\n\t\t\t\t\t<div class=\"elementor-button-wrapper\">\n\t\t\t<a class=\"elementor-button elementor-button-link elementor-size-md elementor-animation-grow\" href=\"#elementor-action%3Aaction%3Dpopup%3Aopen%26settings%3DeyJpZCI6IjEzMjMiLCJ0b2dnbGUiOmZhbHNlfQ%3D%3D\">\n\t\t\t\t\t\t<span class=\"elementor-button-content-wrapper\">\n\t\t\t\t\t\t\t\t\t<span class=\"elementor-button-text\">GALERIE PHOTOS<\/span>\n\t\t\t\t\t<\/span>\n\t\t\t\t\t<\/a>\n\t\t<\/div>\n\t\t\t\t<\/div>\n\t\t\t\t<\/div>\n\t\t\t\t<div class=\"elementor-element elementor-element-db9ac00 elementor-widget elementor-widget-text-editor\" data-id=\"db9ac00\" data-element_type=\"widget\" data-widget_type=\"text-editor.default\">\n\t\t\t\t<div class=\"elementor-widget-container\">\n\t\t\t\t\t\t\t<div class=\"paragraph\">Les travaux d&rsquo;acc\u00e8s difficile n\u00e9cessitent une expertise et une attention particuli\u00e8re<\/div><div class=\"paragraph\">pour garantir la s\u00e9curit\u00e9 et la conformit\u00e9 aux r\u00e9glementations.<\/div>\t\t\t\t\t\t<\/div>\n\t\t\t\t<\/div>\n\t\t\t\t\t<\/div>\n\t\t\t\t<\/div>\n\t\t\t\t\t<\/div>\n\t\t\t\t<\/div>\n\t\t\t\t<\/div>\n\t\t","protected":false},"excerpt":{"rendered":"<p>TRAVAUX D&rsquo;ACC\u00c8S DIFFICILE Les travaux d&rsquo;acc\u00e8s difficile sont souvent n\u00e9cessaires dans des environnements o\u00f9 l&rsquo;acc\u00e8s est limit\u00e9 ou restreint, que ce soit en raison de la hauteur, de la complexit\u00e9 architecturale ou d&rsquo;autres obstacles physiques. Ces situations exigent des solutions sp\u00e9cifiques pour garantir que les travaux puissent \u00eatre r\u00e9alis\u00e9s en toute s\u00e9curit\u00e9 et efficacit\u00e9. Travaux [&hellip;]<\/p>\n","protected":false},"author":1,"featured_media":0,"parent":0,"menu_order":0,"comment_status":"closed","ping_status":"closed","template":"","meta":{"footnotes":""},"class_list":["post-1019","page","type-page","status-publish","hentry"],"_links":{"self":[{"href":"https:\/\/www.acces-direct-amiante.fr\/index.php?rest_route=\/wp\/v2\/pages\/1019","targetHints":{"allow":["GET"]}}],"collection":[{"href":"https:\/\/www.acces-direct-amiante.fr\/index.php?rest_route=\/wp\/v2\/pages"}],"about":[{"href":"https:\/\/www.acces-direct-amiante.fr\/index.php?rest_route=\/wp\/v2\/types\/page"}],"author":[{"embeddable":true,"href":"https:\/\/www.acces-direct-amiante.fr\/index.php?rest_route=\/wp\/v2\/users\/1"}],"replies":[{"embeddable":true,"href":"https:\/\/www.acces-direct-amiante.fr\/index.php?rest_route=%2Fwp%2Fv2%2Fcomments&post=1019"}],"version-history":[{"count":55,"href":"https:\/\/www.acces-direct-amiante.fr\/index.php?rest_route=\/wp\/v2\/pages\/1019\/revisions"}],"predecessor-version":[{"id":1506,"href":"https:\/\/www.acces-direct-amiante.fr\/index.php?rest_route=\/wp\/v2\/pages\/1019\/revisions\/1506"}],"wp:attachment":[{"href":"https:\/\/www.acces-direct-amiante.fr\/index.php?rest_route=%2Fwp%2Fv2%2Fmedia&parent=1019"}],"curies":[{"name":"wp","href":"https:\/\/api.w.org\/{rel}","templated":true}]}}